{"id":571,"date":"2021-10-14T11:28:00","date_gmt":"2021-10-14T09:28:00","guid":{"rendered":"https:\/\/zukugailua.eus\/?page_id=571"},"modified":"2021-10-31T15:13:29","modified_gmt":"2021-10-31T14:13:29","slug":"actualites-de-zukugailua","status":"publish","type":"page","link":"https:\/\/zukugailua.eus\/eu\/actualites-de-zukugailua\/","title":{"rendered":"Zukugailuaren berriak"},"content":{"rendered":"<div data-elementor-type=\"wp-page\" data-elementor-id=\"571\" class=\"elementor elementor-571\">\n\t\t\t\t\t\t\t\t\t<section class=\"elementor-section elementor-top-section elementor-element elementor-element-7b66994 elementor-section-boxed elementor-section-height-default elementor-section-height-default\" data-id=\"7b66994\" data-element_type=\"section\">\n\t\t\t\t\t\t<div class=\"elementor-container elementor-column-gap-default\">\n\t\t\t\t\t<div class=\"elementor-column elementor-col-100 elementor-top-column elementor-element elementor-element-32a472b\" data-id=\"32a472b\" data-element_type=\"column\">\n\t\t\t<div class=\"elementor-widget-wrap elementor-element-populated\">\n\t\t\t\t\t\t\t\t<div class=\"elementor-element elementor-element-995f8dc elementor-widget elementor-widget-heading\" data-id=\"995f8dc\" data-element_type=\"widget\" data-widget_type=\"heading.default\">\n\t\t\t\t<div class=\"elementor-widget-container\">\n\t\t\t<style>\/*! elementor - v3.6.6 - 08-06-2022 *\/\n.elementor-heading-title{padding:0;margin:0;line-height:1}.elementor-widget-heading .elementor-heading-title[class*=elementor-size-]>a{color:inherit;font-size:inherit;line-height:inherit}.elementor-widget-heading .elementor-heading-title.elementor-size-small{font-size:15px}.elementor-widget-heading .elementor-heading-title.elementor-size-medium{font-size:19px}.elementor-widget-heading .elementor-heading-title.elementor-size-large{font-size:29px}.elementor-widget-heading .elementor-heading-title.elementor-size-xl{font-size:39px}.elementor-widget-heading .elementor-heading-title.elementor-size-xxl{font-size:59px}<\/style><h2 class=\"elementor-heading-title elementor-size-default\">Actualit\u00e9s de Zukugailua<\/h2>\t\t<\/div>\n\t\t\t\t<\/div>\n\t\t\t\t\t<\/div>\n\t\t<\/div>\n\t\t\t\t\t\t\t<\/div>\n\t\t<\/section>\n\t\t\t\t<section class=\"elementor-section elementor-top-section elementor-element elementor-element-ce0f667 elementor-section-boxed elementor-section-height-default elementor-section-height-default\" data-id=\"ce0f667\" data-element_type=\"section\">\n\t\t\t\t\t\t<div class=\"elementor-container elementor-column-gap-default\">\n\t\t\t\t\t<div class=\"elementor-column elementor-col-100 elementor-top-column elementor-element elementor-element-781bbc7\" data-id=\"781bbc7\" data-element_type=\"column\">\n\t\t\t<div class=\"elementor-widget-wrap elementor-element-populated\">\n\t\t\t\t\t\t\t\t<div class=\"elementor-element elementor-element-d944001 elementor-grid-3 elementor-grid-tablet-2 elementor-grid-mobile-1 elementor-posts--thumbnail-top elementor-card-shadow-yes elementor-posts__hover-gradient elementor-widget elementor-widget-posts\" data-id=\"d944001\" data-element_type=\"widget\" data-settings=\"{&quot;cards_columns&quot;:&quot;3&quot;,&quot;cards_columns_tablet&quot;:&quot;2&quot;,&quot;cards_columns_mobile&quot;:&quot;1&quot;,&quot;cards_row_gap&quot;:{&quot;unit&quot;:&quot;px&quot;,&quot;size&quot;:35,&quot;sizes&quot;:[]}}\" data-widget_type=\"posts.cards\">\n\t\t\t\t<div class=\"elementor-widget-container\">\n\t\t\t<link rel=\"stylesheet\" href=\"https:\/\/zukugailua.eus\/wp-content\/plugins\/elementor-pro\/assets\/css\/widget-posts.min.css\">\t\t<div class=\"elementor-posts-container elementor-posts elementor-posts--skin-cards elementor-grid\">\n\t\t\t\t<article class=\"elementor-post elementor-grid-item post-1617 post type-post status-publish format-standard has-post-thumbnail hentry category-actualites-zukugailua tag-developpement tag-hemendik tag-pitch tag-residence\">\n\t\t\t<div class=\"elementor-post__card\">\n\t\t\t\t<a class=\"elementor-post__thumbnail__link\" href=\"https:\/\/zukugailua.eus\/eu\/2025\/01\/13\/hemendik-5\/\" >\n\t\t\t<div class=\"elementor-post__thumbnail\"><img width=\"300\" height=\"199\" src=\"https:\/\/zukugailua.eus\/wp-content\/uploads\/2025\/01\/20240502_16-300x199.jpg\" class=\"attachment-medium size-medium\" alt=\"\" loading=\"lazy\" srcset=\"https:\/\/zukugailua.eus\/wp-content\/uploads\/2025\/01\/20240502_16-300x199.jpg 300w, https:\/\/zukugailua.eus\/wp-content\/uploads\/2025\/01\/20240502_16-1024x678.jpg 1024w, https:\/\/zukugailua.eus\/wp-content\/uploads\/2025\/01\/20240502_16-768x509.jpg 768w, https:\/\/zukugailua.eus\/wp-content\/uploads\/2025\/01\/20240502_16-1536x1017.jpg 1536w, https:\/\/zukugailua.eus\/wp-content\/uploads\/2025\/01\/20240502_16-2048x1356.jpg 2048w, https:\/\/zukugailua.eus\/wp-content\/uploads\/2025\/01\/20240502_16-18x12.jpg 18w, https:\/\/zukugailua.eus\/wp-content\/uploads\/2025\/01\/20240502_16-930x620.jpg 930w\" sizes=\"(max-width: 300px) 100vw, 300px\" \/><\/div>\n\t\t<\/a>\n\t\t\t\t<div class=\"elementor-post__text\">\n\t\t\t\t<h3 class=\"elementor-post__title\">\n\t\t\t<a href=\"https:\/\/zukugailua.eus\/eu\/2025\/01\/13\/hemendik-5\/\" >\n\t\t\t\tHemendik #5 - Proiektu deialdia\t\t\t<\/a>\n\t\t<\/h3>\n\t\t\t\t<div class=\"elementor-post__excerpt\">\n\t\t\t<p>Cinqui\u00e8me \u00e9dition de la micro r\u00e9sidence Hemendik<\/p>\n\t\t<\/div>\n\t\t\t\t\t<a class=\"elementor-post__read-more\" href=\"https:\/\/zukugailua.eus\/eu\/2025\/01\/13\/hemendik-5\/\" >\n\t\t\t\tsuite \u00bb\t\t\t<\/a>\n\t\t\t\t<\/div>\n\t\t\t\t<div class=\"elementor-post__meta-data\">\n\t\t\t\t\t<span class=\"elementor-post-date\">\n\t\t\t13\/01\/2025\t\t<\/span>\n\t\t\t\t<span class=\"elementor-post-avatar\">\n\t\t\tIruzkinik ez\t\t<\/span>\n\t\t\t\t<\/div>\n\t\t\t\t\t<\/div>\n\t\t<\/article>\n\t\t\t\t<article class=\"elementor-post elementor-grid-item post-1489 post type-post status-publish format-standard has-post-thumbnail hentry category-actualites-zukugailua tag-atelier tag-developpement-de-projet tag-ecriture tag-residence\">\n\t\t\t<div class=\"elementor-post__card\">\n\t\t\t\t<a class=\"elementor-post__thumbnail__link\" href=\"https:\/\/zukugailua.eus\/eu\/2024\/09\/09\/kirikoketa-atelier-decriture\/\" >\n\t\t\t<div class=\"elementor-post__thumbnail\"><img width=\"300\" height=\"199\" src=\"https:\/\/zukugailua.eus\/wp-content\/uploads\/2024\/09\/1024-678-max-300x199.jpg\" class=\"attachment-medium size-medium\" alt=\"\" loading=\"lazy\" srcset=\"https:\/\/zukugailua.eus\/wp-content\/uploads\/2024\/09\/1024-678-max-300x199.jpg 300w, https:\/\/zukugailua.eus\/wp-content\/uploads\/2024\/09\/1024-678-max-768x509.jpg 768w, https:\/\/zukugailua.eus\/wp-content\/uploads\/2024\/09\/1024-678-max-18x12.jpg 18w, https:\/\/zukugailua.eus\/wp-content\/uploads\/2024\/09\/1024-678-max-930x620.jpg 930w, https:\/\/zukugailua.eus\/wp-content\/uploads\/2024\/09\/1024-678-max.jpg 1024w\" sizes=\"(max-width: 300px) 100vw, 300px\" \/><\/div>\n\t\t<\/a>\n\t\t\t\t<div class=\"elementor-post__text\">\n\t\t\t\t<h3 class=\"elementor-post__title\">\n\t\t\t<a href=\"https:\/\/zukugailua.eus\/eu\/2024\/09\/09\/kirikoketa-atelier-decriture\/\" >\n\t\t\t\tKirikoketa #4 - Proiektu deialdia\t\t\t<\/a>\n\t\t<\/h3>\n\t\t\t\t<div class=\"elementor-post__excerpt\">\n\t\t\t<p>Pour la quatri\u00e8me fois, l\u2019association Zukugailua organisera du 8 au 12 d\u00e9cembre 2025 et du 9 au 13 f\u00e9vrier 2026, l\u2019atelier d\u2019\u00e9criture Kirikoketa, \u00e0 Irissarry. <\/p>\n\t\t<\/div>\n\t\t\t\t\t<a class=\"elementor-post__read-more\" href=\"https:\/\/zukugailua.eus\/eu\/2024\/09\/09\/kirikoketa-atelier-decriture\/\" >\n\t\t\t\tsuite \u00bb\t\t\t<\/a>\n\t\t\t\t<\/div>\n\t\t\t\t<div class=\"elementor-post__meta-data\">\n\t\t\t\t\t<span class=\"elementor-post-date\">\n\t\t\t09\/09\/2024\t\t<\/span>\n\t\t\t\t<span class=\"elementor-post-avatar\">\n\t\t\tIruzkinik ez\t\t<\/span>\n\t\t\t\t<\/div>\n\t\t\t\t\t<\/div>\n\t\t<\/article>\n\t\t\t\t<article class=\"elementor-post elementor-grid-item post-1460 post type-post status-publish format-standard has-post-thumbnail hentry category-actualites-zukugailua tag-atelier-cinema tag-bidarray tag-jeunes\">\n\t\t\t<div class=\"elementor-post__card\">\n\t\t\t\t<a class=\"elementor-post__thumbnail__link\" href=\"https:\/\/zukugailua.eus\/eu\/2024\/07\/03\/zine-tailerra-2\/\" >\n\t\t\t<div class=\"elementor-post__thumbnail\"><img width=\"300\" height=\"199\" src=\"https:\/\/zukugailua.eus\/wp-content\/uploads\/2024\/07\/20240719_Bidarray_07-300x199.jpg\" class=\"attachment-medium size-medium\" alt=\"\" loading=\"lazy\" srcset=\"https:\/\/zukugailua.eus\/wp-content\/uploads\/2024\/07\/20240719_Bidarray_07-300x199.jpg 300w, https:\/\/zukugailua.eus\/wp-content\/uploads\/2024\/07\/20240719_Bidarray_07-1024x678.jpg 1024w, https:\/\/zukugailua.eus\/wp-content\/uploads\/2024\/07\/20240719_Bidarray_07-768x509.jpg 768w, https:\/\/zukugailua.eus\/wp-content\/uploads\/2024\/07\/20240719_Bidarray_07-1536x1017.jpg 1536w, https:\/\/zukugailua.eus\/wp-content\/uploads\/2024\/07\/20240719_Bidarray_07-2048x1356.jpg 2048w, https:\/\/zukugailua.eus\/wp-content\/uploads\/2024\/07\/20240719_Bidarray_07-18x12.jpg 18w, https:\/\/zukugailua.eus\/wp-content\/uploads\/2024\/07\/20240719_Bidarray_07-930x620.jpg 930w\" sizes=\"(max-width: 300px) 100vw, 300px\" \/><\/div>\n\t\t<\/a>\n\t\t\t\t<div class=\"elementor-post__text\">\n\t\t\t\t<h3 class=\"elementor-post__title\">\n\t\t\t<a href=\"https:\/\/zukugailua.eus\/eu\/2024\/07\/03\/zine-tailerra-2\/\" >\n\t\t\t\tZine tailerra\t\t\t<\/a>\n\t\t<\/h3>\n\t\t\t\t<div class=\"elementor-post__excerpt\">\n\t\t\t<p>Atelier gratuit \u00e0 destination des 13-18 ans, organis\u00e9 sur la commune de Bidarray. <\/p>\n\t\t<\/div>\n\t\t\t\t\t<a class=\"elementor-post__read-more\" href=\"https:\/\/zukugailua.eus\/eu\/2024\/07\/03\/zine-tailerra-2\/\" >\n\t\t\t\tsuite \u00bb\t\t\t<\/a>\n\t\t\t\t<\/div>\n\t\t\t\t<div class=\"elementor-post__meta-data\">\n\t\t\t\t\t<span class=\"elementor-post-date\">\n\t\t\t03\/07\/2024\t\t<\/span>\n\t\t\t\t<span class=\"elementor-post-avatar\">\n\t\t\tIruzkinik ez\t\t<\/span>\n\t\t\t\t<\/div>\n\t\t\t\t\t<\/div>\n\t\t<\/article>\n\t\t\t\t<article class=\"elementor-post elementor-grid-item post-1385 post type-post status-publish format-standard has-post-thumbnail hentry category-actualites-zukugailua tag-developpement-de-projet tag-pitch tag-residence\">\n\t\t\t<div class=\"elementor-post__card\">\n\t\t\t\t<a class=\"elementor-post__thumbnail__link\" href=\"https:\/\/zukugailua.eus\/eu\/2024\/01\/29\/hemendik-4\/\" >\n\t\t\t<div class=\"elementor-post__thumbnail\"><img width=\"300\" height=\"199\" src=\"https:\/\/zukugailua.eus\/wp-content\/uploads\/2024\/01\/2024_Hemendik-300x199.jpg\" class=\"attachment-medium size-medium\" alt=\"\" loading=\"lazy\" srcset=\"https:\/\/zukugailua.eus\/wp-content\/uploads\/2024\/01\/2024_Hemendik-300x199.jpg 300w, https:\/\/zukugailua.eus\/wp-content\/uploads\/2024\/01\/2024_Hemendik-1024x678.jpg 1024w, https:\/\/zukugailua.eus\/wp-content\/uploads\/2024\/01\/2024_Hemendik-768x509.jpg 768w, https:\/\/zukugailua.eus\/wp-content\/uploads\/2024\/01\/2024_Hemendik-1536x1017.jpg 1536w, https:\/\/zukugailua.eus\/wp-content\/uploads\/2024\/01\/2024_Hemendik-2048x1356.jpg 2048w, https:\/\/zukugailua.eus\/wp-content\/uploads\/2024\/01\/2024_Hemendik-18x12.jpg 18w, https:\/\/zukugailua.eus\/wp-content\/uploads\/2024\/01\/2024_Hemendik-930x620.jpg 930w\" sizes=\"(max-width: 300px) 100vw, 300px\" \/><\/div>\n\t\t<\/a>\n\t\t\t\t<div class=\"elementor-post__text\">\n\t\t\t\t<h3 class=\"elementor-post__title\">\n\t\t\t<a href=\"https:\/\/zukugailua.eus\/eu\/2024\/01\/29\/hemendik-4\/\" >\n\t\t\t\tHemendik #4 - Proiektu deialdia\t\t\t<\/a>\n\t\t<\/h3>\n\t\t\t\t<div class=\"elementor-post__excerpt\">\n\t\t\t<p>En partenariat avec le cin\u00e9ma L\u2019Atalante, nous organiserons \u00e0 Bayonne la micro-r\u00e9sidence Hemendik, du 30 avril au 2 mai 2024.<\/p>\n\t\t<\/div>\n\t\t\t\t\t<a class=\"elementor-post__read-more\" href=\"https:\/\/zukugailua.eus\/eu\/2024\/01\/29\/hemendik-4\/\" >\n\t\t\t\tsuite \u00bb\t\t\t<\/a>\n\t\t\t\t<\/div>\n\t\t\t\t<div class=\"elementor-post__meta-data\">\n\t\t\t\t\t<span class=\"elementor-post-date\">\n\t\t\t29\/01\/2024\t\t<\/span>\n\t\t\t\t<span class=\"elementor-post-avatar\">\n\t\t\tIruzkinik ez\t\t<\/span>\n\t\t\t\t<\/div>\n\t\t\t\t\t<\/div>\n\t\t<\/article>\n\t\t\t\t<article class=\"elementor-post elementor-grid-item post-1124 post type-post status-publish format-standard has-post-thumbnail hentry category-actualites-zukugailua tag-hemendik tag-pitch tag-residence\">\n\t\t\t<div class=\"elementor-post__card\">\n\t\t\t\t<a class=\"elementor-post__thumbnail__link\" href=\"https:\/\/zukugailua.eus\/eu\/2023\/05\/15\/micro-residence-hemendik-2023\/\" >\n\t\t\t<div class=\"elementor-post__thumbnail\"><img width=\"300\" height=\"200\" src=\"https:\/\/zukugailua.eus\/wp-content\/uploads\/2023\/05\/Hemendik-3_parte-hartzaileak-300x200.jpg\" class=\"attachment-medium size-medium\" alt=\"micro-r\u00e9sidence hemendik\" loading=\"lazy\" srcset=\"https:\/\/zukugailua.eus\/wp-content\/uploads\/2023\/05\/Hemendik-3_parte-hartzaileak-300x200.jpg 300w, https:\/\/zukugailua.eus\/wp-content\/uploads\/2023\/05\/Hemendik-3_parte-hartzaileak-1024x683.jpg 1024w, https:\/\/zukugailua.eus\/wp-content\/uploads\/2023\/05\/Hemendik-3_parte-hartzaileak-768x512.jpg 768w, https:\/\/zukugailua.eus\/wp-content\/uploads\/2023\/05\/Hemendik-3_parte-hartzaileak-1536x1024.jpg 1536w, https:\/\/zukugailua.eus\/wp-content\/uploads\/2023\/05\/Hemendik-3_parte-hartzaileak-18x12.jpg 18w, https:\/\/zukugailua.eus\/wp-content\/uploads\/2023\/05\/Hemendik-3_parte-hartzaileak-930x620.jpg 930w, https:\/\/zukugailua.eus\/wp-content\/uploads\/2023\/05\/Hemendik-3_parte-hartzaileak.jpg 2048w\" sizes=\"(max-width: 300px) 100vw, 300px\" \/><\/div>\n\t\t<\/a>\n\t\t\t\t<div class=\"elementor-post__text\">\n\t\t\t\t<h3 class=\"elementor-post__title\">\n\t\t\t<a href=\"https:\/\/zukugailua.eus\/eu\/2023\/05\/15\/micro-residence-hemendik-2023\/\" >\n\t\t\t\tHemendik #4 - Proiektu deialdia\t\t\t<\/a>\n\t\t<\/h3>\n\t\t\t\t<div class=\"elementor-post__excerpt\">\n\t\t\t<p>Sei proiektu errezibituak izan dira.<\/p>\n\t\t<\/div>\n\t\t\t\t\t<a class=\"elementor-post__read-more\" href=\"https:\/\/zukugailua.eus\/eu\/2023\/05\/15\/micro-residence-hemendik-2023\/\" >\n\t\t\t\tsuite \u00bb\t\t\t<\/a>\n\t\t\t\t<\/div>\n\t\t\t\t<div class=\"elementor-post__meta-data\">\n\t\t\t\t\t<span class=\"elementor-post-date\">\n\t\t\t15\/05\/2023\t\t<\/span>\n\t\t\t\t<span class=\"elementor-post-avatar\">\n\t\t\tIruzkinik ez\t\t<\/span>\n\t\t\t\t<\/div>\n\t\t\t\t\t<\/div>\n\t\t<\/article>\n\t\t\t\t<article class=\"elementor-post elementor-grid-item post-955 post type-post status-publish format-standard has-post-thumbnail hentry category-actualites-zukugailua category-non-classe tag-atelier tag-ecriture tag-irissary tag-kirikoketa\">\n\t\t\t<div class=\"elementor-post__card\">\n\t\t\t\t<a class=\"elementor-post__thumbnail__link\" href=\"https:\/\/zukugailua.eus\/eu\/2023\/05\/09\/zukugailua-kirikoketa-2023\/\" >\n\t\t\t<div class=\"elementor-post__thumbnail\"><img width=\"300\" height=\"300\" src=\"https:\/\/zukugailua.eus\/wp-content\/uploads\/2023\/05\/Kirikoketa_Deialdia-2023_Mail-300x300.png\" class=\"attachment-medium size-medium\" alt=\"Kirikoketa atelier d&#039;\u00e9criture\" loading=\"lazy\" srcset=\"https:\/\/zukugailua.eus\/wp-content\/uploads\/2023\/05\/Kirikoketa_Deialdia-2023_Mail-300x300.png 300w, https:\/\/zukugailua.eus\/wp-content\/uploads\/2023\/05\/Kirikoketa_Deialdia-2023_Mail-150x150.png 150w, https:\/\/zukugailua.eus\/wp-content\/uploads\/2023\/05\/Kirikoketa_Deialdia-2023_Mail-12x12.png 12w, https:\/\/zukugailua.eus\/wp-content\/uploads\/2023\/05\/Kirikoketa_Deialdia-2023_Mail.png 600w\" sizes=\"(max-width: 300px) 100vw, 300px\" \/><\/div>\n\t\t<\/a>\n\t\t\t\t<div class=\"elementor-post__text\">\n\t\t\t\t<h3 class=\"elementor-post__title\">\n\t\t\t<a href=\"https:\/\/zukugailua.eus\/eu\/2023\/05\/09\/zukugailua-kirikoketa-2023\/\" >\n\t\t\t\tKirikoketa, idazketa tailerra\t\t\t<\/a>\n\t\t<\/h3>\n\t\t\t\t<div class=\"elementor-post__excerpt\">\n\t\t\t<p>Bidarren aldikotz, Zukugailua elkarteak bi asteko Kirikoketa idazketa tailerra antolatuko du, Irisarrin. <\/p>\n\t\t<\/div>\n\t\t\t\t\t<a class=\"elementor-post__read-more\" href=\"https:\/\/zukugailua.eus\/eu\/2023\/05\/09\/zukugailua-kirikoketa-2023\/\" >\n\t\t\t\tsuite \u00bb\t\t\t<\/a>\n\t\t\t\t<\/div>\n\t\t\t\t<div class=\"elementor-post__meta-data\">\n\t\t\t\t\t<span class=\"elementor-post-date\">\n\t\t\t09\/05\/2023\t\t<\/span>\n\t\t\t\t<span class=\"elementor-post-avatar\">\n\t\t\tIruzkinik ez\t\t<\/span>\n\t\t\t\t<\/div>\n\t\t\t\t\t<\/div>\n\t\t<\/article>\n\t\t\t\t<\/div>\n\n\n\t\t\n\t\t\t\t<\/div>\n\t\t\t\t<\/div>\n\t\t\t\t\t<\/div>\n\t\t<\/div>\n\t\t\t\t\t\t\t<\/div>\n\t\t<\/section>\n\t\t\t\t\t\t\t<\/div>","protected":false},"excerpt":{"rendered":"<p>Actualit\u00e9s de Zukugailua<\/p>","protected":false},"author":1,"featured_media":0,"parent":0,"menu_order":0,"comment_status":"closed","ping_status":"closed","template":"page-templates\/template-pagebuilder-full-width.php","meta":{"neve_meta_sidebar":"","neve_meta_container":"","neve_meta_enable_content_width":"","neve_meta_content_width":0,"neve_meta_title_alignment":"","neve_meta_author_avatar":"","neve_post_elements_order":"","neve_meta_disable_header":"","neve_meta_disable_footer":"","neve_meta_disable_title":"","_ti_tpc_template_sync":false,"_ti_tpc_template_id":""},"yoast_head":"<!-- This site is optimized with the Yoast SEO plugin v19.1 - https:\/\/yoast.com\/wordpress\/plugins\/seo\/ -->\n<title>Actualit\u00e9s de zukugailua - Zukugailua<\/title>\n<meta name=\"description\" content=\"Les actualit\u00e9s de l&#039;association de d\u00e9veloppement du cin\u00e9ma basque Zukugailua. Association de professionnels bas\u00e9s en Pays Basque\" \/>\n<meta name=\"robots\" content=\"index, follow, max-snippet:-1, max-image-preview:large, max-video-preview:-1\" \/>\n<link rel=\"canonical\" href=\"https:\/\/zukugailua.eus\/eu\/actualites-de-zukugailua\/\" \/>\n<meta property=\"og:locale\" content=\"en_US\" \/>\n<meta property=\"og:type\" content=\"article\" \/>\n<meta property=\"og:title\" content=\"Actualit\u00e9s de zukugailua - Zukugailua\" \/>\n<meta property=\"og:description\" content=\"Les actualit\u00e9s de l&#039;association de d\u00e9veloppement du cin\u00e9ma basque Zukugailua. Association de professionnels bas\u00e9s en Pays Basque\" \/>\n<meta property=\"og:url\" content=\"https:\/\/zukugailua.eus\/eu\/actualites-de-zukugailua\/\" \/>\n<meta property=\"og:site_name\" content=\"Zukugailua\" \/>\n<meta property=\"article:publisher\" content=\"https:\/\/www.facebook.com\/Zukugailua\" \/>\n<meta property=\"article:modified_time\" content=\"2021-10-31T14:13:29+00:00\" \/>\n<meta name=\"twitter:card\" content=\"summary_large_image\" \/>\n<meta name=\"twitter:label1\" content=\"Est. reading time\" \/>\n\t<meta name=\"twitter:data1\" content=\"1 minutua\" \/>\n<script type=\"application\/ld+json\" class=\"yoast-schema-graph\">{\"@context\":\"https:\/\/schema.org\",\"@graph\":[{\"@type\":\"Organization\",\"@id\":\"https:\/\/zukugailua.eus\/#organization\",\"name\":\"ZUKUGAILUA\",\"url\":\"https:\/\/zukugailua.eus\/\",\"sameAs\":[\"https:\/\/www.facebook.com\/Zukugailua\"],\"logo\":{\"@type\":\"ImageObject\",\"inLanguage\":\"eu\",\"@id\":\"https:\/\/zukugailua.eus\/#\/schema\/logo\/image\/\",\"url\":\"https:\/\/zukugailua.eus\/wp-content\/uploads\/2021\/10\/ZUGUGAILUA-LOGO-WEB.jpg\",\"contentUrl\":\"https:\/\/zukugailua.eus\/wp-content\/uploads\/2021\/10\/ZUGUGAILUA-LOGO-WEB.jpg\",\"width\":554,\"height\":315,\"caption\":\"ZUKUGAILUA\"},\"image\":{\"@id\":\"https:\/\/zukugailua.eus\/#\/schema\/logo\/image\/\"}},{\"@type\":\"WebSite\",\"@id\":\"https:\/\/zukugailua.eus\/#website\",\"url\":\"https:\/\/zukugailua.eus\/\",\"name\":\"Zukugailua\",\"description\":\"D\u00e9veloppement du cin\u00e9ma en Pays Basque\",\"publisher\":{\"@id\":\"https:\/\/zukugailua.eus\/#organization\"},\"potentialAction\":[{\"@type\":\"SearchAction\",\"target\":{\"@type\":\"EntryPoint\",\"urlTemplate\":\"https:\/\/zukugailua.eus\/?s={search_term_string}\"},\"query-input\":\"required name=search_term_string\"}],\"inLanguage\":\"eu\"},{\"@type\":\"WebPage\",\"@id\":\"https:\/\/zukugailua.eus\/actualites-de-zukugailua\/#webpage\",\"url\":\"https:\/\/zukugailua.eus\/actualites-de-zukugailua\/\",\"name\":\"Actualit\u00e9s de zukugailua - Zukugailua\",\"isPartOf\":{\"@id\":\"https:\/\/zukugailua.eus\/#website\"},\"datePublished\":\"2021-10-14T09:28:00+00:00\",\"dateModified\":\"2021-10-31T14:13:29+00:00\",\"description\":\"Les actualit\u00e9s de l'association de d\u00e9veloppement du cin\u00e9ma basque Zukugailua. Association de professionnels bas\u00e9s en Pays Basque\",\"breadcrumb\":{\"@id\":\"https:\/\/zukugailua.eus\/actualites-de-zukugailua\/#breadcrumb\"},\"inLanguage\":\"eu\",\"potentialAction\":[{\"@type\":\"ReadAction\",\"target\":[\"https:\/\/zukugailua.eus\/actualites-de-zukugailua\/\"]}]},{\"@type\":\"BreadcrumbList\",\"@id\":\"https:\/\/zukugailua.eus\/actualites-de-zukugailua\/#breadcrumb\",\"itemListElement\":[{\"@type\":\"ListItem\",\"position\":1,\"name\":\"Accueil\",\"item\":\"https:\/\/zukugailua.eus\/\"},{\"@type\":\"ListItem\",\"position\":2,\"name\":\"Actualit\u00e9s de zukugailua\"}]}]}<\/script>\n<!-- \/ Yoast SEO plugin. -->","yoast_head_json":{"title":"Actualit\u00e9s de zukugailua - Zukugailua","description":"Les actualit\u00e9s de l'association de d\u00e9veloppement du cin\u00e9ma basque Zukugailua. Association de professionnels bas\u00e9s en Pays Basque","robots":{"index":"index","follow":"follow","max-snippet":"max-snippet:-1","max-image-preview":"max-image-preview:large","max-video-preview":"max-video-preview:-1"},"canonical":"https:\/\/zukugailua.eus\/eu\/actualites-de-zukugailua\/","og_locale":"en_US","og_type":"article","og_title":"Actualit\u00e9s de zukugailua - Zukugailua","og_description":"Les actualit\u00e9s de l'association de d\u00e9veloppement du cin\u00e9ma basque Zukugailua. Association de professionnels bas\u00e9s en Pays Basque","og_url":"https:\/\/zukugailua.eus\/eu\/actualites-de-zukugailua\/","og_site_name":"Zukugailua","article_publisher":"https:\/\/www.facebook.com\/Zukugailua","article_modified_time":"2021-10-31T14:13:29+00:00","twitter_card":"summary_large_image","twitter_misc":{"Est. reading time":"1 minutua"},"schema":{"@context":"https:\/\/schema.org","@graph":[{"@type":"Organization","@id":"https:\/\/zukugailua.eus\/#organization","name":"ZUKUGAILUA","url":"https:\/\/zukugailua.eus\/","sameAs":["https:\/\/www.facebook.com\/Zukugailua"],"logo":{"@type":"ImageObject","inLanguage":"eu","@id":"https:\/\/zukugailua.eus\/#\/schema\/logo\/image\/","url":"https:\/\/zukugailua.eus\/wp-content\/uploads\/2021\/10\/ZUGUGAILUA-LOGO-WEB.jpg","contentUrl":"https:\/\/zukugailua.eus\/wp-content\/uploads\/2021\/10\/ZUGUGAILUA-LOGO-WEB.jpg","width":554,"height":315,"caption":"ZUKUGAILUA"},"image":{"@id":"https:\/\/zukugailua.eus\/#\/schema\/logo\/image\/"}},{"@type":"WebSite","@id":"https:\/\/zukugailua.eus\/#website","url":"https:\/\/zukugailua.eus\/","name":"Zukugailua","description":"D\u00e9veloppement du cin\u00e9ma en Pays Basque","publisher":{"@id":"https:\/\/zukugailua.eus\/#organization"},"potentialAction":[{"@type":"SearchAction","target":{"@type":"EntryPoint","urlTemplate":"https:\/\/zukugailua.eus\/?s={search_term_string}"},"query-input":"required name=search_term_string"}],"inLanguage":"eu"},{"@type":"WebPage","@id":"https:\/\/zukugailua.eus\/actualites-de-zukugailua\/#webpage","url":"https:\/\/zukugailua.eus\/actualites-de-zukugailua\/","name":"Actualit\u00e9s de zukugailua - Zukugailua","isPartOf":{"@id":"https:\/\/zukugailua.eus\/#website"},"datePublished":"2021-10-14T09:28:00+00:00","dateModified":"2021-10-31T14:13:29+00:00","description":"Les actualit\u00e9s de l'association de d\u00e9veloppement du cin\u00e9ma basque Zukugailua. Association de professionnels bas\u00e9s en Pays Basque","breadcrumb":{"@id":"https:\/\/zukugailua.eus\/actualites-de-zukugailua\/#breadcrumb"},"inLanguage":"eu","potentialAction":[{"@type":"ReadAction","target":["https:\/\/zukugailua.eus\/actualites-de-zukugailua\/"]}]},{"@type":"BreadcrumbList","@id":"https:\/\/zukugailua.eus\/actualites-de-zukugailua\/#breadcrumb","itemListElement":[{"@type":"ListItem","position":1,"name":"Accueil","item":"https:\/\/zukugailua.eus\/"},{"@type":"ListItem","position":2,"name":"Actualit\u00e9s de zukugailua"}]}]}},"_links":{"self":[{"href":"https:\/\/zukugailua.eus\/eu\/wp-json\/wp\/v2\/pages\/571"}],"collection":[{"href":"https:\/\/zukugailua.eus\/eu\/wp-json\/wp\/v2\/pages"}],"about":[{"href":"https:\/\/zukugailua.eus\/eu\/wp-json\/wp\/v2\/types\/page"}],"author":[{"embeddable":true,"href":"https:\/\/zukugailua.eus\/eu\/wp-json\/wp\/v2\/users\/1"}],"replies":[{"embeddable":true,"href":"https:\/\/zukugailua.eus\/eu\/wp-json\/wp\/v2\/comments?post=571"}],"version-history":[{"count":11,"href":"https:\/\/zukugailua.eus\/eu\/wp-json\/wp\/v2\/pages\/571\/revisions"}],"predecessor-version":[{"id":1761,"href":"https:\/\/zukugailua.eus\/eu\/wp-json\/wp\/v2\/pages\/571\/revisions\/1761"}],"wp:attachment":[{"href":"https:\/\/zukugailua.eus\/eu\/wp-json\/wp\/v2\/media?parent=571"}],"curies":[{"name":"wp","href":"https:\/\/api.w.org\/{rel}","templated":true}]}}